{"id":21,"date":"2025-10-07T11:55:25","date_gmt":"2025-10-07T09:55:25","guid":{"rendered":"https:\/\/heartpaintedbynatalia.pl\/?page_id=21"},"modified":"2025-10-18T10:30:27","modified_gmt":"2025-10-18T08:30:27","slug":"kontakt","status":"publish","type":"page","link":"https:\/\/heartpaintedbynatalia.pl\/?page_id=21","title":{"rendered":"Kontakt"},"content":{"rendered":"\n<p>Ciesz\u0119 si\u0119, \u017ce tu jeste\u015b \u2013 ja jestem tu dla Ciebie \ud83e\udd0e<br>Je\u015bli poczu\u0142a\u015b, \u017ce moje prace do Ciebie przemawiaj\u0105 \u2013 napisz do mnie.<br>Mo\u017cesz zapyta\u0107 o obraz, reprodukcj\u0119, zam\u00f3wienie z intencj\u0105 albo po prostu podzieli\u0107 si\u0119 my\u015bl\u0105, kt\u00f3ra pojawi\u0142a si\u0119 w Twojej g\u0142owie lub uczuciem, kt\u00f3re zrodzi\u0142o si\u0119 w Twoim sercu.<\/p>\n\n\n\n<p>Odpowiadam na ka\u017cd\u0105 wiadomo\u015b\u0107 osobi\u015bcie \u2013 z uwa\u017cno\u015bci\u0105 i spokojem.<br>Nie musisz wiedzie\u0107 dok\u0142adnie, czego chcesz \u2013 wsp\u00f3lnie to znajdziemy.<\/p>\n\n\n\n<p>Usi\u0105d\u017a wygodnie i napisz do mnie kilka s\u0142\u00f3w. Czekam na ka\u017cd\u0105 wiadomo\u015b\u0107 i z rado\u015bci\u0105 na ni\u0105 odpowiadam!<br>Jestem tu, \u017ceby porozmawia\u0107 z serca do serca. \ud83e\udd0e<\/p>\n\n\n\n<div class=\"wpcf7 no-js\" id=\"wpcf7-f20-o1\" lang=\"pl-PL\" dir=\"ltr\" data-wpcf7-id=\"20\">\n<div class=\"screen-reader-response\"><p role=\"status\" aria-live=\"polite\" aria-atomic=\"true\"><\/p> <ul><\/ul><\/div>\n<form action=\"\/index.php?rest_route=%2Fwp%2Fv2%2Fpages%2F21#wpcf7-f20-o1\" method=\"post\" class=\"wpcf7-form init\" aria-label=\"Formularz kontaktowy\" novalidate=\"novalidate\" data-status=\"init\">\n<fieldset class=\"hidden-fields-container\"><input type=\"hidden\" name=\"_wpcf7\" value=\"20\" \/><input type=\"hidden\" name=\"_wpcf7_version\" value=\"6.1.2\" \/><input type=\"hidden\" name=\"_wpcf7_locale\" value=\"pl_PL\" \/><input type=\"hidden\" name=\"_wpcf7_unit_tag\" value=\"wpcf7-f20-o1\" \/><input type=\"hidden\" name=\"_wpcf7_container_post\" value=\"0\" \/><input type=\"hidden\" name=\"_wpcf7_posted_data_hash\" value=\"\" \/>\n<\/fieldset>\n<p><label> Twoje imi\u0119<br \/>\n<span class=\"wpcf7-form-control-wrap\" data-name=\"your-name\"><input size=\"40\" maxlength=\"400\" class=\"wpcf7-form-control wpcf7-text wpcf7-validates-as-required\" autocomplete=\"name\" aria-required=\"true\" aria-invalid=\"false\" value=\"\" type=\"text\" name=\"your-name\" \/><\/span> <\/label>\n<\/p>\n<p><label> Tw\u00f3j adres e-mail<br \/>\n<span class=\"wpcf7-form-control-wrap\" data-name=\"your-email\"><input size=\"40\" maxlength=\"400\" class=\"wpcf7-form-control wpcf7-email wpcf7-validates-as-required wpcf7-text wpcf7-validates-as-email\" autocomplete=\"email\" aria-required=\"true\" aria-invalid=\"false\" value=\"\" type=\"email\" name=\"your-email\" \/><\/span> <\/label>\n<\/p>\n<p><label> Twoja wiadomo\u015b\u0107<br \/>\n<span class=\"wpcf7-form-control-wrap\" data-name=\"your-message\"><textarea cols=\"40\" rows=\"10\" maxlength=\"2000\" class=\"wpcf7-form-control wpcf7-textarea\" aria-invalid=\"false\" name=\"your-message\"><\/textarea><\/span> <\/label>\n<\/p>\n<p><input class=\"wpcf7-form-control wpcf7-submit has-spinner\" type=\"submit\" value=\"Wysy\u0142am i czekam na odpowied\u017a!\" \/>\n<\/p><p style=\"display: none !important;\" class=\"akismet-fields-container\" data-prefix=\"_wpcf7_ak_\"><label>&#916;<textarea name=\"_wpcf7_ak_hp_textarea\" cols=\"45\" rows=\"8\" maxlength=\"100\"><\/textarea><\/label><input type=\"hidden\" id=\"ak_js_1\" name=\"_wpcf7_ak_js\" value=\"231\"\/><script>document.getElementById( \"ak_js_1\" ).setAttribute( \"value\", ( new Date() ).getTime() );<\/script><\/p><div class=\"wpcf7-response-output\" aria-hidden=\"true\"><\/div>\n<\/form>\n<\/div>\n\n\n\n\n<p>Do napisania!<\/p>\n\n\n\n<p><\/p>\n","protected":false},"excerpt":{"rendered":"<p>Ciesz\u0119 si\u0119, \u017ce tu jeste\u015b \u2013 ja jestem tu dla Ciebie \ud83e\udd0eJe\u015bli poczu\u0142a\u015b, \u017ce moje prace do Ciebie przemawiaj\u0105 \u2013 napisz do mnie.Mo\u017cesz zapyta\u0107 o obraz, reprodukcj\u0119, zam\u00f3wienie z intencj\u0105 albo po prostu podzieli\u0107 si\u0119 my\u015bl\u0105, kt\u00f3ra pojawi\u0142a si\u0119 w Twojej g\u0142owie lub uczuciem, kt\u00f3re zrodzi\u0142o si\u0119 w Twoim sercu. Odpowiadam na ka\u017cd\u0105 wiadomo\u015b\u0107 osobi\u015bcie&#8230;<\/p>\n","protected":false},"author":1,"featured_media":0,"parent":0,"menu_order":0,"comment_status":"closed","ping_status":"closed","template":"","meta":{"_kad_post_transparent":"","_kad_post_title":"","_kad_post_layout":"","_kad_post_sidebar_id":"","_kad_post_content_style":"","_kad_post_vertical_padding":"","_kad_post_feature":"","_kad_post_feature_position":"","_kad_post_header":false,"_kad_post_footer":false,"footnotes":""},"class_list":["post-21","page","type-page","status-publish","hentry"],"jetpack_sharing_enabled":true,"_links":{"self":[{"href":"https:\/\/heartpaintedbynatalia.pl\/index.php?rest_route=\/wp\/v2\/pages\/21","targetHints":{"allow":["GET"]}}],"collection":[{"href":"https:\/\/heartpaintedbynatalia.pl\/index.php?rest_route=\/wp\/v2\/pages"}],"about":[{"href":"https:\/\/heartpaintedbynatalia.pl\/index.php?rest_route=\/wp\/v2\/types\/page"}],"author":[{"embeddable":true,"href":"https:\/\/heartpaintedbynatalia.pl\/index.php?rest_route=\/wp\/v2\/users\/1"}],"replies":[{"embeddable":true,"href":"https:\/\/heartpaintedbynatalia.pl\/index.php?rest_route=%2Fwp%2Fv2%2Fcomments&post=21"}],"version-history":[{"count":10,"href":"https:\/\/heartpaintedbynatalia.pl\/index.php?rest_route=\/wp\/v2\/pages\/21\/revisions"}],"predecessor-version":[{"id":181,"href":"https:\/\/heartpaintedbynatalia.pl\/index.php?rest_route=\/wp\/v2\/pages\/21\/revisions\/181"}],"wp:attachment":[{"href":"https:\/\/heartpaintedbynatalia.pl\/index.php?rest_route=%2Fwp%2Fv2%2Fmedia&parent=21"}],"curies":[{"name":"wp","href":"https:\/\/api.w.org\/{rel}","templated":true}]}}