{"id":148,"date":"2025-10-17T14:01:48","date_gmt":"2025-10-17T12:01:48","guid":{"rendered":"https:\/\/heartpaintedbynatalia.pl\/?page_id=148"},"modified":"2025-10-17T15:06:01","modified_gmt":"2025-10-17T13:06:01","slug":"o-mnie","status":"publish","type":"page","link":"https:\/\/heartpaintedbynatalia.pl\/?page_id=148","title":{"rendered":"O mnie"},"content":{"rendered":"\n<div class=\"wp-block-columns is-layout-flex wp-container-core-columns-is-layout-9d6595d7 wp-block-columns-is-layout-flex\">\n<div class=\"wp-block-column is-layout-flow wp-block-column-is-layout-flow\">\n<figure class=\"wp-block-image size-large\"><img fetchpriority=\"high\" decoding=\"async\" width=\"1024\" height=\"768\" src=\"https:\/\/heartpaintedbynatalia.pl\/wp-content\/uploads\/2025\/10\/20251015_124336-1-1024x768.jpg\" alt=\"\" class=\"wp-image-129\" srcset=\"https:\/\/heartpaintedbynatalia.pl\/wp-content\/uploads\/2025\/10\/20251015_124336-1-1024x768.jpg 1024w, https:\/\/heartpaintedbynatalia.pl\/wp-content\/uploads\/2025\/10\/20251015_124336-1-300x225.jpg 300w, https:\/\/heartpaintedbynatalia.pl\/wp-content\/uploads\/2025\/10\/20251015_124336-1-768x576.jpg 768w, https:\/\/heartpaintedbynatalia.pl\/wp-content\/uploads\/2025\/10\/20251015_124336-1-1536x1152.jpg 1536w, https:\/\/heartpaintedbynatalia.pl\/wp-content\/uploads\/2025\/10\/20251015_124336-1-2048x1536.jpg 2048w, https:\/\/heartpaintedbynatalia.pl\/wp-content\/uploads\/2025\/10\/20251015_124336-1-1320x990.jpg 1320w, https:\/\/heartpaintedbynatalia.pl\/wp-content\/uploads\/2025\/10\/20251015_124336-1-600x450.jpg 600w\" sizes=\"(max-width: 1024px) 100vw, 1024px\" \/><\/figure>\n<\/div>\n\n\n\n<div class=\"wp-block-column is-layout-flow wp-block-column-is-layout-flow\">\n<div style=\"height:139px\" aria-hidden=\"true\" class=\"wp-block-spacer\"><\/div>\n\n\n\n<h2 class=\"wp-block-heading has-text-align-right\">Historia Heart Painted<\/h2>\n\n\n\n<p><\/p>\n<\/div>\n<\/div>\n\n\n\n<hr class=\"wp-block-separator has-alpha-channel-opacity is-style-wide\"\/>\n\n\n\n<div class=\"wp-block-columns is-layout-flex wp-container-core-columns-is-layout-9d6595d7 wp-block-columns-is-layout-flex\">\n<div class=\"wp-block-column is-layout-flow wp-block-column-is-layout-flow\">\n<div style=\"height:100px\" aria-hidden=\"true\" class=\"wp-block-spacer\"><\/div>\n\n\n\n<h2 class=\"wp-block-heading\">Dlaczego maluj\u0119<\/h2>\n\n\n\n<p>dlaczego maluj\u0119&#8230;<\/p>\n<\/div>\n\n\n\n<div class=\"wp-block-column is-layout-flow wp-block-column-is-layout-flow\">\n<figure class=\"wp-block-image size-large\"><img fetchpriority=\"high\" decoding=\"async\" width=\"1024\" height=\"768\" src=\"https:\/\/heartpaintedbynatalia.pl\/wp-content\/uploads\/2025\/10\/20251015_124336-1-1024x768.jpg\" alt=\"\" class=\"wp-image-129\" srcset=\"https:\/\/heartpaintedbynatalia.pl\/wp-content\/uploads\/2025\/10\/20251015_124336-1-1024x768.jpg 1024w, https:\/\/heartpaintedbynatalia.pl\/wp-content\/uploads\/2025\/10\/20251015_124336-1-300x225.jpg 300w, https:\/\/heartpaintedbynatalia.pl\/wp-content\/uploads\/2025\/10\/20251015_124336-1-768x576.jpg 768w, https:\/\/heartpaintedbynatalia.pl\/wp-content\/uploads\/2025\/10\/20251015_124336-1-1536x1152.jpg 1536w, https:\/\/heartpaintedbynatalia.pl\/wp-content\/uploads\/2025\/10\/20251015_124336-1-2048x1536.jpg 2048w, https:\/\/heartpaintedbynatalia.pl\/wp-content\/uploads\/2025\/10\/20251015_124336-1-1320x990.jpg 1320w, https:\/\/heartpaintedbynatalia.pl\/wp-content\/uploads\/2025\/10\/20251015_124336-1-600x450.jpg 600w\" sizes=\"(max-width: 1024px) 100vw, 1024px\" \/><\/figure>\n<\/div>\n<\/div>\n\n\n\n<hr class=\"wp-block-separator has-alpha-channel-opacity is-style-wide\"\/>\n\n\n\n<figure class=\"wp-block-pullquote is-style-default\"><blockquote><p>Maluj\u0119, gdy \u015bwiat staje si\u0119 zbyt g\u0142o\u015bny.<br>Gdy pragn\u0119 ciszy, kt\u00f3ra koi.<br>Gdy chc\u0119 przypomnie\u0107 sobie, \u017ce w prostocie jest pi\u0119kno, a w naturze \u2013 spok\u00f3j.<\/p><\/blockquote><\/figure>\n\n\n\n<hr class=\"wp-block-separator has-alpha-channel-opacity is-style-wide\"\/>\n\n\n\n<div class=\"wp-block-columns is-layout-flex wp-container-core-columns-is-layout-9d6595d7 wp-block-columns-is-layout-flex\">\n<div class=\"wp-block-column is-layout-flow wp-block-column-is-layout-flow\">\n<figure class=\"wp-block-image size-large\"><img fetchpriority=\"high\" decoding=\"async\" width=\"1024\" height=\"768\" src=\"https:\/\/heartpaintedbynatalia.pl\/wp-content\/uploads\/2025\/10\/20251015_124336-1-1024x768.jpg\" alt=\"\" class=\"wp-image-129\" srcset=\"https:\/\/heartpaintedbynatalia.pl\/wp-content\/uploads\/2025\/10\/20251015_124336-1-1024x768.jpg 1024w, https:\/\/heartpaintedbynatalia.pl\/wp-content\/uploads\/2025\/10\/20251015_124336-1-300x225.jpg 300w, https:\/\/heartpaintedbynatalia.pl\/wp-content\/uploads\/2025\/10\/20251015_124336-1-768x576.jpg 768w, https:\/\/heartpaintedbynatalia.pl\/wp-content\/uploads\/2025\/10\/20251015_124336-1-1536x1152.jpg 1536w, https:\/\/heartpaintedbynatalia.pl\/wp-content\/uploads\/2025\/10\/20251015_124336-1-2048x1536.jpg 2048w, https:\/\/heartpaintedbynatalia.pl\/wp-content\/uploads\/2025\/10\/20251015_124336-1-1320x990.jpg 1320w, https:\/\/heartpaintedbynatalia.pl\/wp-content\/uploads\/2025\/10\/20251015_124336-1-600x450.jpg 600w\" sizes=\"(max-width: 1024px) 100vw, 1024px\" \/><\/figure>\n<\/div>\n\n\n\n<div class=\"wp-block-column is-layout-flow wp-block-column-is-layout-flow\">\n<div style=\"height:139px\" aria-hidden=\"true\" class=\"wp-block-spacer\"><\/div>\n\n\n\n<h2 class=\"wp-block-heading has-text-align-right\">Proces tw\u00f3rczy<\/h2>\n\n\n\n<p><\/p>\n<\/div>\n<\/div>\n\n\n\n<hr class=\"wp-block-separator has-alpha-channel-opacity is-style-wide\"\/>\n\n\n\n<div class=\"wp-block-columns is-layout-flex wp-container-core-columns-is-layout-9d6595d7 wp-block-columns-is-layout-flex\">\n<div class=\"wp-block-column is-layout-flow wp-block-column-is-layout-flow\">\n<div style=\"height:100px\" aria-hidden=\"true\" class=\"wp-block-spacer\"><\/div>\n\n\n\n<h2 class=\"wp-block-heading\">Maluj\u0119 dla Ciebie<\/h2>\n\n\n\n<p>dlaczego maluj\u0119&#8230;<\/p>\n<\/div>\n\n\n\n<div class=\"wp-block-column is-layout-flow wp-block-column-is-layout-flow\">\n<figure class=\"wp-block-image size-large\"><img fetchpriority=\"high\" decoding=\"async\" width=\"1024\" height=\"768\" src=\"https:\/\/heartpaintedbynatalia.pl\/wp-content\/uploads\/2025\/10\/20251015_124336-1-1024x768.jpg\" alt=\"\" class=\"wp-image-129\" srcset=\"https:\/\/heartpaintedbynatalia.pl\/wp-content\/uploads\/2025\/10\/20251015_124336-1-1024x768.jpg 1024w, https:\/\/heartpaintedbynatalia.pl\/wp-content\/uploads\/2025\/10\/20251015_124336-1-300x225.jpg 300w, https:\/\/heartpaintedbynatalia.pl\/wp-content\/uploads\/2025\/10\/20251015_124336-1-768x576.jpg 768w, https:\/\/heartpaintedbynatalia.pl\/wp-content\/uploads\/2025\/10\/20251015_124336-1-1536x1152.jpg 1536w, https:\/\/heartpaintedbynatalia.pl\/wp-content\/uploads\/2025\/10\/20251015_124336-1-2048x1536.jpg 2048w, https:\/\/heartpaintedbynatalia.pl\/wp-content\/uploads\/2025\/10\/20251015_124336-1-1320x990.jpg 1320w, https:\/\/heartpaintedbynatalia.pl\/wp-content\/uploads\/2025\/10\/20251015_124336-1-600x450.jpg 600w\" sizes=\"(max-width: 1024px) 100vw, 1024px\" \/><\/figure>\n<\/div>\n<\/div>\n\n\n\n<hr class=\"wp-block-separator has-alpha-channel-opacity is-style-wide\"\/>\n\n\n\n<p><\/p>\n\n\n\n<h2 class=\"wp-block-heading has-text-align-center\">Porozmawiajmy<\/h2>\n\n\n\n<p class=\"has-text-align-center\">Je\u015bli czujesz, \u017ce moja sztuka z Tob\u0105 rezonuje<br>albo chcesz, \u017cebym stworzy\u0142a co\u015b specjalnie dla Ciebie lub kogo\u015b Tobie bliskiemu <br>\u2014 napisz do mnie i porozmawiajmy!<\/p>\n\n\n\n<div class=\"wp-block-buttons is-content-justification-center is-layout-flex wp-container-core-buttons-is-layout-51f7783f wp-block-buttons-is-layout-flex\">\n<div class=\"wp-block-button\"><a class=\"wp-block-button__link wp-element-button\">porozmawiajmy!<\/a><\/div>\n<\/div>\n\n\n\n<p><\/p>\n","protected":false},"excerpt":{"rendered":"<p>Historia Heart Painted Dlaczego maluj\u0119 dlaczego maluj\u0119&#8230; Maluj\u0119, gdy \u015bwiat staje si\u0119 zbyt g\u0142o\u015bny.Gdy pragn\u0119 ciszy, kt\u00f3ra koi.Gdy chc\u0119 przypomnie\u0107 sobie, \u017ce w prostocie jest pi\u0119kno, a w naturze \u2013 spok\u00f3j. Proces tw\u00f3rczy Maluj\u0119 dla Ciebie dlaczego maluj\u0119&#8230; Porozmawiajmy Je\u015bli czujesz, \u017ce moja sztuka z Tob\u0105 rezonujealbo chcesz, \u017cebym stworzy\u0142a co\u015b specjalnie dla Ciebie lub&#8230;<\/p>\n","protected":false},"author":1,"featured_media":0,"parent":0,"menu_order":0,"comment_status":"closed","ping_status":"closed","template":"","meta":{"_kad_post_transparent":"","_kad_post_title":"","_kad_post_layout":"","_kad_post_sidebar_id":"","_kad_post_content_style":"","_kad_post_vertical_padding":"","_kad_post_feature":"","_kad_post_feature_position":"","_kad_post_header":false,"_kad_post_footer":false,"footnotes":""},"class_list":["post-148","page","type-page","status-publish","hentry"],"jetpack_sharing_enabled":true,"_links":{"self":[{"href":"https:\/\/heartpaintedbynatalia.pl\/index.php?rest_route=\/wp\/v2\/pages\/148","targetHints":{"allow":["GET"]}}],"collection":[{"href":"https:\/\/heartpaintedbynatalia.pl\/index.php?rest_route=\/wp\/v2\/pages"}],"about":[{"href":"https:\/\/heartpaintedbynatalia.pl\/index.php?rest_route=\/wp\/v2\/types\/page"}],"author":[{"embeddable":true,"href":"https:\/\/heartpaintedbynatalia.pl\/index.php?rest_route=\/wp\/v2\/users\/1"}],"replies":[{"embeddable":true,"href":"https:\/\/heartpaintedbynatalia.pl\/index.php?rest_route=%2Fwp%2Fv2%2Fcomments&post=148"}],"version-history":[{"count":2,"href":"https:\/\/heartpaintedbynatalia.pl\/index.php?rest_route=\/wp\/v2\/pages\/148\/revisions"}],"predecessor-version":[{"id":156,"href":"https:\/\/heartpaintedbynatalia.pl\/index.php?rest_route=\/wp\/v2\/pages\/148\/revisions\/156"}],"wp:attachment":[{"href":"https:\/\/heartpaintedbynatalia.pl\/index.php?rest_route=%2Fwp%2Fv2%2Fmedia&parent=148"}],"curies":[{"name":"wp","href":"https:\/\/api.w.org\/{rel}","templated":true}]}}