{"id":134,"date":"2025-10-17T10:45:03","date_gmt":"2025-10-17T08:45:03","guid":{"rendered":"https:\/\/heartpaintedbynatalia.pl\/?page_id=134"},"modified":"2025-10-27T10:45:53","modified_gmt":"2025-10-27T09:45:53","slug":"134-2","status":"publish","type":"page","link":"https:\/\/heartpaintedbynatalia.pl\/","title":{"rendered":""},"content":{"rendered":"\n<div class=\"wp-block-columns is-layout-flex wp-container-core-columns-is-layout-9d6595d7 wp-block-columns-is-layout-flex\">\n<div class=\"wp-block-column is-layout-flow wp-block-column-is-layout-flow\">\n<div style=\"height:77px\" aria-hidden=\"true\" class=\"wp-block-spacer\"><\/div>\n\n\n\n<h2 class=\"wp-block-heading\">Maluj\u0119 p\u0119dzlem sercem i dusz\u0105<br>               &#8211; aby podarowa\u0107 spok\u00f3j Twojemu Wn\u0119trzu<\/h2>\n\n\n\n<div class=\"wp-block-columns is-layout-flex wp-container-core-columns-is-layout-9d6595d7 wp-block-columns-is-layout-flex\">\n<div class=\"wp-block-column is-layout-flow wp-block-column-is-layout-flow\">\n<div class=\"wp-block-buttons is-layout-flex wp-container-core-buttons-is-layout-6b4e3324 wp-block-buttons-is-layout-flex\">\n<div class=\"wp-block-button\"><a class=\"wp-block-button__link wp-element-button\" href=\"https:\/\/heartpaintedbynatalia.pl\/?page_id=165\">Zobacz moj\u0105 tw\u00f3rczo\u015b\u0107<\/a><\/div>\n<\/div>\n<\/div>\n\n\n\n<div class=\"wp-block-column is-layout-flow wp-block-column-is-layout-flow\">\n<div class=\"wp-block-buttons is-content-justification-right is-layout-flex wp-container-core-buttons-is-layout-e6df00e8 wp-block-buttons-is-layout-flex\">\n<div class=\"wp-block-button\"><a class=\"wp-block-button__link wp-element-button\" href=\"https:\/\/heartpaintedbynatalia.pl\/?page_id=148\">Poznaj moj\u0105 histori\u0119<\/a><\/div>\n<\/div>\n<\/div>\n<\/div>\n<\/div>\n\n\n\n<div class=\"wp-block-column is-layout-flow wp-block-column-is-layout-flow\"><div class=\"wp-block-image\">\n<figure class=\"alignright size-large is-resized\"><img fetchpriority=\"high\" decoding=\"async\" width=\"1512\" height=\"1134\" src=\"https:\/\/heartpaintedbynatalia.pl\/wp-content\/uploads\/2025\/10\/8a8c9abd-18a2-4158-a92a-fb44c302c34d-edited.jpeg\" alt=\"\" class=\"wp-image-457\" style=\"width:410px;height:auto\" srcset=\"https:\/\/heartpaintedbynatalia.pl\/wp-content\/uploads\/2025\/10\/8a8c9abd-18a2-4158-a92a-fb44c302c34d-edited.jpeg 1512w, https:\/\/heartpaintedbynatalia.pl\/wp-content\/uploads\/2025\/10\/8a8c9abd-18a2-4158-a92a-fb44c302c34d-edited-300x225.jpeg 300w, https:\/\/heartpaintedbynatalia.pl\/wp-content\/uploads\/2025\/10\/8a8c9abd-18a2-4158-a92a-fb44c302c34d-edited-1024x768.jpeg 1024w, https:\/\/heartpaintedbynatalia.pl\/wp-content\/uploads\/2025\/10\/8a8c9abd-18a2-4158-a92a-fb44c302c34d-edited-768x576.jpeg 768w, https:\/\/heartpaintedbynatalia.pl\/wp-content\/uploads\/2025\/10\/8a8c9abd-18a2-4158-a92a-fb44c302c34d-edited-1320x990.jpeg 1320w, https:\/\/heartpaintedbynatalia.pl\/wp-content\/uploads\/2025\/10\/8a8c9abd-18a2-4158-a92a-fb44c302c34d-edited-600x450.jpeg 600w\" sizes=\"(max-width: 1512px) 100vw, 1512px\" \/><\/figure>\n<\/div><\/div>\n<\/div>\n\n\n\n<hr class=\"wp-block-separator has-alpha-channel-opacity is-style-wide\"\/>\n\n\n\n<div class=\"wp-block-columns is-layout-flex wp-container-core-columns-is-layout-9d6595d7 wp-block-columns-is-layout-flex\">\n<div class=\"wp-block-column is-vertically-aligned-stretch is-layout-flow wp-block-column-is-layout-flow\"><div class=\"wp-block-image\">\n<figure class=\"alignleft size-full is-resized\"><img decoding=\"async\" width=\"1400\" height=\"1050\" src=\"https:\/\/heartpaintedbynatalia.pl\/wp-content\/uploads\/2025\/10\/PhotoFunia-1631120851-edited.jpg\" alt=\"\" class=\"wp-image-460\" style=\"width:406px;height:auto\" srcset=\"https:\/\/heartpaintedbynatalia.pl\/wp-content\/uploads\/2025\/10\/PhotoFunia-1631120851-edited.jpg 1400w, https:\/\/heartpaintedbynatalia.pl\/wp-content\/uploads\/2025\/10\/PhotoFunia-1631120851-edited-300x225.jpg 300w, https:\/\/heartpaintedbynatalia.pl\/wp-content\/uploads\/2025\/10\/PhotoFunia-1631120851-edited-1024x768.jpg 1024w, https:\/\/heartpaintedbynatalia.pl\/wp-content\/uploads\/2025\/10\/PhotoFunia-1631120851-edited-768x576.jpg 768w, https:\/\/heartpaintedbynatalia.pl\/wp-content\/uploads\/2025\/10\/PhotoFunia-1631120851-edited-1320x990.jpg 1320w, https:\/\/heartpaintedbynatalia.pl\/wp-content\/uploads\/2025\/10\/PhotoFunia-1631120851-edited-600x450.jpg 600w\" sizes=\"(max-width: 1400px) 100vw, 1400px\" \/><\/figure>\n<\/div><\/div>\n\n\n\n<div class=\"wp-block-column is-vertically-aligned-bottom is-layout-flow wp-block-column-is-layout-flow\">\n<h2 class=\"wp-block-heading\">Moja historia<\/h2>\n\n\n\n<p>Maluj\u0119, gdy \u015bwiat staje si\u0119 zbyt g\u0142o\u015bny.<br>Gdy potrzebuj\u0119 przypomnie\u0107 sobie, \u017ce pi\u0119kno nie musi krzycze\u0107.<\/p>\n\n\n\n<p>Ka\u017cdy obraz jest jak rozmowa \u2014 z cisz\u0105, z emocj\u0105, z natur\u0105.<\/p>\n\n\n\n<div class=\"wp-block-buttons is-content-justification-right is-layout-flex wp-container-core-buttons-is-layout-e6df00e8 wp-block-buttons-is-layout-flex\">\n<div class=\"wp-block-button\"><a class=\"wp-block-button__link wp-element-button\" href=\"https:\/\/heartpaintedbynatalia.pl\/?page_id=148\">Dowiedz si\u0119 wi\u0119cej<\/a><\/div>\n<\/div>\n<\/div>\n<\/div>\n\n\n\n<hr class=\"wp-block-separator has-alpha-channel-opacity is-style-wide\"\/>\n\n\n\n<h2 class=\"wp-block-heading has-text-align-center\">Moje prace<\/h2>\n\n\n\n<p class=\"has-text-align-center\">Tworz\u0119 obrazy na zam\u00f3wienie, prezenty dla Twoich bliskich, metryczki, karty afirmacyjne, a tak\u017ce sprzedaj\u0119 reprodukcje moich prac.<br>Wsp\u00f3\u0142pracuj\u0119 z innymi r\u0119kodzielnikami i organizuj\u0119 warsztaty tw\u00f3rczo-relaksacyjne, a moje prace mo\u017cna zobaczy\u0107 na r\u00f3\u017cnych wystawach.<\/p>\n\n\n\n<div class=\"wp-block-columns is-layout-flex wp-container-core-columns-is-layout-9d6595d7 wp-block-columns-is-layout-flex\">\n<div class=\"wp-block-column is-layout-flow wp-block-column-is-layout-flow\">\n<div class=\"wp-block-cover is-light\" style=\"min-height:290px;aspect-ratio:unset;\"><img decoding=\"async\" width=\"2560\" height=\"1709\" class=\"wp-block-cover__image-background wp-image-277 size-full\" alt=\"\" src=\"https:\/\/heartpaintedbynatalia.pl\/wp-content\/uploads\/2025\/10\/mockup_wildgrasses_1grassalone_brownbeige_001_horiz001-scaled.jpg\" data-object-fit=\"cover\"\/><span aria-hidden=\"true\" class=\"wp-block-cover__background has-background-dim\" style=\"background-color:#ebe9e6\"><\/span><div class=\"wp-block-cover__inner-container is-layout-flow wp-block-cover-is-layout-flow\">\n<p class=\"has-text-align-center has-large-font-size\">Obrazy na zam\u00f3wienie<\/p>\n<\/div><\/div>\n<\/div>\n\n\n\n<div class=\"wp-block-column is-layout-flow wp-block-column-is-layout-flow\">\n<div class=\"wp-block-cover is-light\" style=\"min-height:291px;aspect-ratio:unset;\"><img loading=\"lazy\" decoding=\"async\" width=\"896\" height=\"1024\" class=\"wp-block-cover__image-background wp-image-437 size-large\" alt=\"\" src=\"https:\/\/heartpaintedbynatalia.pl\/wp-content\/uploads\/2025\/10\/mockup_feathers_onefeather_brown_002_vert003-896x1024.jpg\" data-object-fit=\"cover\" srcset=\"https:\/\/heartpaintedbynatalia.pl\/wp-content\/uploads\/2025\/10\/mockup_feathers_onefeather_brown_002_vert003-896x1024.jpg 896w, https:\/\/heartpaintedbynatalia.pl\/wp-content\/uploads\/2025\/10\/mockup_feathers_onefeather_brown_002_vert003-263x300.jpg 263w, https:\/\/heartpaintedbynatalia.pl\/wp-content\/uploads\/2025\/10\/mockup_feathers_onefeather_brown_002_vert003-768x878.jpg 768w, https:\/\/heartpaintedbynatalia.pl\/wp-content\/uploads\/2025\/10\/mockup_feathers_onefeather_brown_002_vert003-1344x1536.jpg 1344w, https:\/\/heartpaintedbynatalia.pl\/wp-content\/uploads\/2025\/10\/mockup_feathers_onefeather_brown_002_vert003-1792x2048.jpg 1792w, https:\/\/heartpaintedbynatalia.pl\/wp-content\/uploads\/2025\/10\/mockup_feathers_onefeather_brown_002_vert003-1320x1509.jpg 1320w, https:\/\/heartpaintedbynatalia.pl\/wp-content\/uploads\/2025\/10\/mockup_feathers_onefeather_brown_002_vert003-600x686.jpg 600w\" sizes=\"(max-width: 896px) 100vw, 896px\" \/><span aria-hidden=\"true\" class=\"wp-block-cover__background has-background-dim\" style=\"background-color:#b2a79c\"><\/span><div class=\"wp-block-cover__inner-container is-layout-flow wp-block-cover-is-layout-flow\">\n<p class=\"has-text-align-center has-large-font-size\">Reprodukcje<\/p>\n<\/div><\/div>\n<\/div>\n\n\n\n<div class=\"wp-block-column is-layout-flow wp-block-column-is-layout-flow\">\n<div class=\"wp-block-cover\" style=\"min-height:289px;aspect-ratio:unset;\"><img loading=\"lazy\" decoding=\"async\" width=\"1024\" height=\"768\" class=\"wp-block-cover__image-background wp-image-128\" alt=\"\" src=\"https:\/\/heartpaintedbynatalia.pl\/wp-content\/uploads\/2025\/10\/20251015_124336-1024x768.jpg\" data-object-fit=\"cover\" srcset=\"https:\/\/heartpaintedbynatalia.pl\/wp-content\/uploads\/2025\/10\/20251015_124336-1024x768.jpg 1024w, https:\/\/heartpaintedbynatalia.pl\/wp-content\/uploads\/2025\/10\/20251015_124336-300x225.jpg 300w, https:\/\/heartpaintedbynatalia.pl\/wp-content\/uploads\/2025\/10\/20251015_124336-768x576.jpg 768w, https:\/\/heartpaintedbynatalia.pl\/wp-content\/uploads\/2025\/10\/20251015_124336-1536x1152.jpg 1536w, https:\/\/heartpaintedbynatalia.pl\/wp-content\/uploads\/2025\/10\/20251015_124336-2048x1536.jpg 2048w, https:\/\/heartpaintedbynatalia.pl\/wp-content\/uploads\/2025\/10\/20251015_124336-1320x990.jpg 1320w, https:\/\/heartpaintedbynatalia.pl\/wp-content\/uploads\/2025\/10\/20251015_124336-600x450.jpg 600w\" sizes=\"(max-width: 1024px) 100vw, 1024px\" \/><span aria-hidden=\"true\" class=\"wp-block-cover__background has-background-dim\"><\/span><div class=\"wp-block-cover__inner-container is-layout-flow wp-block-cover-is-layout-flow\">\n<p class=\"has-text-align-center has-large-font-size\">Wkr\u00f3tce r\u00f3wnie\u017c inne prace<\/p>\n<\/div><\/div>\n<\/div>\n<\/div>\n\n\n\n<div class=\"wp-block-buttons alignwide is-content-justification-center is-layout-flex wp-container-core-buttons-is-layout-8057eaf3 wp-block-buttons-is-layout-flex\">\n<div class=\"wp-block-button\"><a class=\"wp-block-button__link wp-element-button\" href=\"https:\/\/heartpaintedbynatalia.pl\/?page_id=152\">zobacz pe\u0142n\u0105 ofert\u0119<\/a><\/div>\n<\/div>\n\n\n\n<hr class=\"wp-block-separator has-alpha-channel-opacity is-style-wide\"\/>\n\n\n\n<h2 class=\"wp-block-heading has-text-align-center\">Poznaj opinie i komentarze Klientek<\/h2>\n\n\n<ol class=\"has-avatars has-dates has-excerpts wp-block-latest-comments\"><li class=\"wp-block-latest-comments__comment\"><img alt='' src='https:\/\/secure.gravatar.com\/avatar\/8e1606e6fba450a9362af43874c1b2dfad34c782e33d0a51e1b46c18a2a567dd?s=48&#038;d=mm&#038;r=g' srcset='https:\/\/secure.gravatar.com\/avatar\/8e1606e6fba450a9362af43874c1b2dfad34c782e33d0a51e1b46c18a2a567dd?s=96&#038;d=mm&#038;r=g 2x' class='avatar avatar-48 photo wp-block-latest-comments__comment-avatar' height='48' width='48' \/><article><footer class=\"wp-block-latest-comments__comment-meta\"><a class=\"wp-block-latest-comments__comment-author\" href=\"https:\/\/pl.wordpress.org\/\">Komentator WordPressa<\/a> &#8211; <a class=\"wp-block-latest-comments__comment-link\" href=\"https:\/\/heartpaintedbynatalia.pl\/?p=1#comment-1\">Witaj, \u015bwiecie!<\/a><time datetime=\"2025-10-02T13:45:54+02:00\" class=\"wp-block-latest-comments__comment-date\">2025-10-02<\/time><\/footer><div class=\"wp-block-latest-comments__comment-excerpt\"><p>Cze\u015b\u0107, to jest komentarz. Aby zapozna\u0107 si\u0119 z moderowaniem, edycj\u0105 i usuwaniem komentarzy, nale\u017cy odwiedzi\u0107 ekran komentarzy w kokpicie. Awatary&hellip;<\/p>\n<\/div><\/article><\/li><\/ol>\n\n\n<div data-block-name=\"woocommerce\/all-reviews\" class=\"wp-block-woocommerce-all-reviews wc-block-all-reviews has-image has-name has-date has-rating has-content has-product-name\" data-image-type=\"reviewer\" data-orderby=\"most-recent\" data-reviews-on-page-load=\"10\" data-reviews-on-load-more=\"10\" data-show-load-more=\"true\" data-show-orderby=\"true\"><\/div>\n\n\n\n<p><\/p>\n","protected":false},"excerpt":{"rendered":"<p>Maluj\u0119 p\u0119dzlem sercem i dusz\u0105 &#8211; aby podarowa\u0107 spok\u00f3j Twojemu Wn\u0119trzu Moja historia Maluj\u0119, gdy \u015bwiat staje si\u0119 zbyt g\u0142o\u015bny.Gdy potrzebuj\u0119 przypomnie\u0107 sobie, \u017ce pi\u0119kno nie musi krzycze\u0107. Ka\u017cdy obraz jest jak rozmowa \u2014 z cisz\u0105, z emocj\u0105, z natur\u0105. Moje prace Tworz\u0119 obrazy na zam\u00f3wienie, prezenty dla Twoich bliskich, metryczki, karty afirmacyjne, a tak\u017ce&#8230;<\/p>\n","protected":false},"author":1,"featured_media":0,"parent":0,"menu_order":0,"comment_status":"closed","ping_status":"closed","template":"","meta":{"_kad_post_transparent":"","_kad_post_title":"","_kad_post_layout":"","_kad_post_sidebar_id":"","_kad_post_content_style":"","_kad_post_vertical_padding":"","_kad_post_feature":"","_kad_post_feature_position":"","_kad_post_header":false,"_kad_post_footer":false,"footnotes":""},"class_list":["post-134","page","type-page","status-publish","hentry"],"jetpack_sharing_enabled":true,"_links":{"self":[{"href":"https:\/\/heartpaintedbynatalia.pl\/index.php?rest_route=\/wp\/v2\/pages\/134","targetHints":{"allow":["GET"]}}],"collection":[{"href":"https:\/\/heartpaintedbynatalia.pl\/index.php?rest_route=\/wp\/v2\/pages"}],"about":[{"href":"https:\/\/heartpaintedbynatalia.pl\/index.php?rest_route=\/wp\/v2\/types\/page"}],"author":[{"embeddable":true,"href":"https:\/\/heartpaintedbynatalia.pl\/index.php?rest_route=\/wp\/v2\/users\/1"}],"replies":[{"embeddable":true,"href":"https:\/\/heartpaintedbynatalia.pl\/index.php?rest_route=%2Fwp%2Fv2%2Fcomments&post=134"}],"version-history":[{"count":16,"href":"https:\/\/heartpaintedbynatalia.pl\/index.php?rest_route=\/wp\/v2\/pages\/134\/revisions"}],"predecessor-version":[{"id":461,"href":"https:\/\/heartpaintedbynatalia.pl\/index.php?rest_route=\/wp\/v2\/pages\/134\/revisions\/461"}],"wp:attachment":[{"href":"https:\/\/heartpaintedbynatalia.pl\/index.php?rest_route=%2Fwp%2Fv2%2Fmedia&parent=134"}],"curies":[{"name":"wp","href":"https:\/\/api.w.org\/{rel}","templated":true}]}}